{"id":8708,"date":"2023-05-03T16:43:04","date_gmt":"2023-05-03T16:43:04","guid":{"rendered":"http:\/\/quicktest.infinityfreeapp.com\/teste2023\/?page_id=4292"},"modified":"2024-10-17T10:19:01","modified_gmt":"2024-10-17T10:19:01","slug":"politica-de-cookies","status":"publish","type":"page","link":"https:\/\/quickops.pt\/en\/politica-de-cookies\/","title":{"rendered":"Cookie Policy"},"content":{"rendered":"<div data-elementor-type=\"wp-page\" data-elementor-id=\"8708\" class=\"elementor elementor-8708\">\n\t\t\t\t\t\t<section class=\"elementor-section elementor-top-section elementor-element elementor-element-06f0e89 elementor-section-boxed elementor-section-height-default elementor-section-height-default\" data-id=\"06f0e89\" data-element_type=\"section\">\n\t\t\t\t\t\t<div class=\"elementor-container elementor-column-gap-default\">\n\t\t\t\t\t<div class=\"elementor-column elementor-col-100 elementor-top-column elementor-element elementor-element-e1193c8\" data-id=\"e1193c8\" data-element_type=\"column\">\n\t\t\t<div class=\"elementor-widget-wrap elementor-element-populated\">\n\t\t\t\t\t\t<div class=\"elementor-element elementor-element-1cfacbf elementor-widget elementor-widget-heading\" data-id=\"1cfacbf\" data-element_type=\"widget\" data-widget_type=\"heading.default\">\n\t\t\t\t<div class=\"elementor-widget-container\">\n\t\t\t<style>\/*! elementor - v3.20.0 - 11-03-2024 *\/\n.elementor-heading-title{padding:0;margin:0;line-height:1}.elementor-widget-heading .elementor-heading-title[class*=elementor-size-]>a{color:inherit;font-size:inherit;line-height:inherit}.elementor-widget-heading .elementor-heading-title.elementor-size-small{font-size:15px}.elementor-widget-heading .elementor-heading-title.elementor-size-medium{font-size:19px}.elementor-widget-heading .elementor-heading-title.elementor-size-large{font-size:29px}.elementor-widget-heading .elementor-heading-title.elementor-size-xl{font-size:39px}.elementor-widget-heading .elementor-heading-title.elementor-size-xxl{font-size:59px}<\/style><h2 class=\"elementor-heading-title elementor-size-default\">COOKIE POLICY<\/h2>\t\t<\/div>\n\t\t\t\t<\/div>\n\t\t\t\t\t<\/div>\n\t\t<\/div>\n\t\t\t\t\t<\/div>\n\t\t<\/section>\n\t\t\t\t<section class=\"elementor-section elementor-top-section elementor-element elementor-element-4aa4cf1 elementor-section-boxed elementor-section-height-default elementor-section-height-default\" data-id=\"4aa4cf1\" data-element_type=\"section\">\n\t\t\t\t\t\t<div class=\"elementor-container elementor-column-gap-default\">\n\t\t\t\t\t<div class=\"elementor-column elementor-col-100 elementor-top-column elementor-element elementor-element-60fc81e\" data-id=\"60fc81e\" data-element_type=\"column\">\n\t\t\t<div class=\"elementor-widget-wrap elementor-element-populated\">\n\t\t\t\t\t\t<div class=\"elementor-element elementor-element-da6e19e elementor-widget elementor-widget-text-editor\" data-id=\"da6e19e\" data-element_type=\"widget\" data-widget_type=\"text-editor.default\">\n\t\t\t\t<div class=\"elementor-widget-container\">\n\t\t\t<style>\/*! elementor - v3.20.0 - 11-03-2024 *\/\n.elementor-widget-text-editor.elementor-drop-cap-view-stacked .elementor-drop-cap{background-color:#69727d;color:#fff}.elementor-widget-text-editor.elementor-drop-cap-view-framed .elementor-drop-cap{color:#69727d;border:3px solid;background-color:transparent}.elementor-widget-text-editor:not(.elementor-drop-cap-view-default) .elementor-drop-cap{margin-top:8px}.elementor-widget-text-editor:not(.elementor-drop-cap-view-default) .elementor-drop-cap-letter{width:1em;height:1em}.elementor-widget-text-editor .elementor-drop-cap{float:left;text-align:center;line-height:1;font-size:50px}.elementor-widget-text-editor .elementor-drop-cap-letter{display:inline-block}<\/style>\t\t\t\t<ol><li><strong> What are cookies?<\/strong><\/li><\/ol><p>Cookies are small text files that are placed on your device (computer, smartphone or tablet) when you visit a website. They allow the website to remember your actions and preferences (such as username, language and other settings) for a period, so you don't have to re-enter them every time you return to the website or navigate to other pages.<\/p><ol start=\"2\"><li><strong> Types of Cookies Used<\/strong><\/li><\/ol><p>We use the following types of cookies on our website:<\/p><p><strong>-Cookies Strictly Necessary:<\/strong> These cookies are essential for the functioning of the website and allow you to navigate and use its functionalities. Without these cookies, the services you have requested, such as access to secure areas of the website, cannot be provided.<\/p><p><strong>-Performance Cookies:<\/strong> These cookies collect information about how users use the website, such as which pages are visited most often and whether they receive page error messages. These cookies do not collect information that identifies a visitor. All information collected by these cookies is aggregated and anonymised.<\/p><p><strong>-Functional Cookies:<\/strong> These cookies allow the website to remember your choices (such as username, language or region) and offer improved and more personalised features. They can also be used to provide services you have asked for, such as watching videos.<\/p><p><strong>-Advertising and Marketing Cookies:<\/strong> These cookies are used to show you adverts that are relevant to you and your interests. They also help limit the number of times you see an advert and measure the effectiveness of advertising campaigns.<\/p><ol start=\"3\"><li><strong> Third-party cookies<\/strong><\/li><\/ol><p>We may allow third parties to place cookies on our website for analysis and advertising purposes. These cookies are managed by third parties and QuickOps has no control over them. For more information about these cookies and how to manage them, please consult the privacy policies of the relevant third parties.<\/p><ol start=\"4\"><li><strong> Cookie management<\/strong><\/li><\/ol><p>You can control and manage cookies in various ways. However, please bear in mind that disabling or blocking cookies may affect your browsing experience and our ability to provide appropriate services.<\/p><p><strong>-Browser settings:<\/strong> Most browsers allow you to view, block or delete cookies. These settings can be found in your browser's preferences or options.<\/p><p><strong>-Opt-out of Advertising Cookies:<\/strong> To deactivate advertising and tracking cookies, you can visit the opt-out pages provided by online advertising platforms such as the Network Advertising Initiative (NAI) and the Digital Advertising Alliance (DAA).<\/p><ol start=\"5\"><li><strong> Changes to the Cookie Policy<\/strong><\/li><\/ol><p>We may update this Cookie Policy from time to time to reflect changes in our use of cookies or in applicable regulations. Any changes will be posted on this page with the updated revision date.<\/p><ol start=\"6\"><li><strong> Contact<\/strong><\/li><\/ol><p>If you have any questions about this Cookie Policy or how QuickOps uses cookies, please contact us using the following methods:<\/p><p><strong>-Address:<\/strong> Rua J\u00falio Dinis, 728, 7\u00ba 4050-012 Porto<\/p><p><strong>-Phone:<\/strong> <a href=\"tel:226090929&amp;\">+351 22 609 0929<\/a><\/p>\t\t\t\t\t\t<\/div>\n\t\t\t\t<\/div>\n\t\t\t\t\t<\/div>\n\t\t<\/div>\n\t\t\t\t\t<\/div>\n\t\t<\/section>\n\t\t\t\t<\/div>","protected":false},"excerpt":{"rendered":"<p>POL\u00cdTICA DE COOKIES O que s\u00e3o Cookies? Cookies s\u00e3o pequenos ficheiros de texto que s\u00e3o colocados no seu dispositivo (computador, smartphone ou tablet) quando visita um website. Eles permitem que o website se lembre das suas a\u00e7\u00f5es e prefer\u00eancias (como nome de utilizador, idioma e outras defini\u00e7\u00f5es) durante um per\u00edodo, para que n\u00e3o tenha de<\/p>","protected":false},"author":1,"featured_media":0,"parent":0,"menu_order":0,"comment_status":"closed","ping_status":"closed","template":"","meta":{"inline_featured_image":false},"yoast_head":"<!-- This site is optimized with the Yoast SEO plugin v21.7 - https:\/\/yoast.com\/wordpress\/plugins\/seo\/ -->\n<title>Pol\u00edtica de Cookies - QuickOps Consulting<\/title>\n<meta name=\"robots\" content=\"index, follow, max-snippet:-1, max-image-preview:large, max-video-preview:-1\" \/>\n<link rel=\"canonical\" href=\"https:\/\/quickops.pt\/en\/politica-de-cookies\/\" \/>\n<meta property=\"og:locale\" content=\"en_US\" \/>\n<meta property=\"og:type\" content=\"article\" \/>\n<meta property=\"og:title\" content=\"Pol\u00edtica de Cookies - QuickOps Consulting\" \/>\n<meta property=\"og:description\" content=\"POL\u00cdTICA DE COOKIES O que s\u00e3o Cookies? Cookies s\u00e3o pequenos ficheiros de texto que s\u00e3o colocados no seu dispositivo (computador, smartphone ou tablet) quando visita um website. Eles permitem que o website se lembre das suas a\u00e7\u00f5es e prefer\u00eancias (como nome de utilizador, idioma e outras defini\u00e7\u00f5es) durante um per\u00edodo, para que n\u00e3o tenha de\" \/>\n<meta property=\"og:url\" content=\"https:\/\/quickops.pt\/en\/politica-de-cookies\/\" \/>\n<meta property=\"og:site_name\" content=\"QuickOps Consulting\" \/>\n<meta property=\"article:modified_time\" content=\"2024-10-17T10:19:01+00:00\" \/>\n<script type=\"application\/ld+json\" class=\"yoast-schema-graph\">{\"@context\":\"https:\/\/schema.org\",\"@graph\":[{\"@type\":\"WebPage\",\"@id\":\"https:\/\/quickops.pt\/politica-de-cookies\/\",\"url\":\"https:\/\/quickops.pt\/politica-de-cookies\/\",\"name\":\"Pol\u00edtica de Cookies - QuickOps Consulting\",\"isPartOf\":{\"@id\":\"https:\/\/quickops.pt\/#website\"},\"datePublished\":\"2023-05-03T16:43:04+00:00\",\"dateModified\":\"2024-10-17T10:19:01+00:00\",\"breadcrumb\":{\"@id\":\"https:\/\/quickops.pt\/politica-de-cookies\/#breadcrumb\"},\"inLanguage\":\"en-US\",\"potentialAction\":[{\"@type\":\"ReadAction\",\"target\":[\"https:\/\/quickops.pt\/politica-de-cookies\/\"]}]},{\"@type\":\"BreadcrumbList\",\"@id\":\"https:\/\/quickops.pt\/politica-de-cookies\/#breadcrumb\",\"itemListElement\":[{\"@type\":\"ListItem\",\"position\":1,\"name\":\"In\u00edcio\",\"item\":\"https:\/\/quickops.pt\/\"},{\"@type\":\"ListItem\",\"position\":2,\"name\":\"Pol\u00edtica de Cookies\"}]},{\"@type\":\"WebSite\",\"@id\":\"https:\/\/quickops.pt\/#website\",\"url\":\"https:\/\/quickops.pt\/\",\"name\":\"QuickOps Consulting\",\"description\":\"\",\"publisher\":{\"@id\":\"https:\/\/quickops.pt\/#organization\"},\"potentialAction\":[{\"@type\":\"SearchAction\",\"target\":{\"@type\":\"EntryPoint\",\"urlTemplate\":\"https:\/\/quickops.pt\/?s={search_term_string}\"},\"query-input\":\"required name=search_term_string\"}],\"inLanguage\":\"en-US\"},{\"@type\":\"Organization\",\"@id\":\"https:\/\/quickops.pt\/#organization\",\"name\":\"QuickOps Consulting\",\"url\":\"https:\/\/quickops.pt\/\",\"logo\":{\"@type\":\"ImageObject\",\"inLanguage\":\"en-US\",\"@id\":\"https:\/\/quickops.pt\/#\/schema\/logo\/image\/\",\"url\":\"https:\/\/quickops.pt\/wp-content\/uploads\/2023\/04\/logo.png\",\"contentUrl\":\"https:\/\/quickops.pt\/wp-content\/uploads\/2023\/04\/logo.png\",\"width\":648,\"height\":212,\"caption\":\"QuickOps Consulting\"},\"image\":{\"@id\":\"https:\/\/quickops.pt\/#\/schema\/logo\/image\/\"}}]}<\/script>\n<!-- \/ Yoast SEO plugin. -->","yoast_head_json":{"title":"Pol\u00edtica de Cookies - QuickOps Consulting","robots":{"index":"index","follow":"follow","max-snippet":"max-snippet:-1","max-image-preview":"max-image-preview:large","max-video-preview":"max-video-preview:-1"},"canonical":"https:\/\/quickops.pt\/en\/politica-de-cookies\/","og_locale":"en_US","og_type":"article","og_title":"Pol\u00edtica de Cookies - QuickOps Consulting","og_description":"POL\u00cdTICA DE COOKIES O que s\u00e3o Cookies? Cookies s\u00e3o pequenos ficheiros de texto que s\u00e3o colocados no seu dispositivo (computador, smartphone ou tablet) quando visita um website. Eles permitem que o website se lembre das suas a\u00e7\u00f5es e prefer\u00eancias (como nome de utilizador, idioma e outras defini\u00e7\u00f5es) durante um per\u00edodo, para que n\u00e3o tenha de","og_url":"https:\/\/quickops.pt\/en\/politica-de-cookies\/","og_site_name":"QuickOps Consulting","article_modified_time":"2024-10-17T10:19:01+00:00","schema":{"@context":"https:\/\/schema.org","@graph":[{"@type":"WebPage","@id":"https:\/\/quickops.pt\/politica-de-cookies\/","url":"https:\/\/quickops.pt\/politica-de-cookies\/","name":"Pol\u00edtica de Cookies - QuickOps Consulting","isPartOf":{"@id":"https:\/\/quickops.pt\/#website"},"datePublished":"2023-05-03T16:43:04+00:00","dateModified":"2024-10-17T10:19:01+00:00","breadcrumb":{"@id":"https:\/\/quickops.pt\/politica-de-cookies\/#breadcrumb"},"inLanguage":"en-US","potentialAction":[{"@type":"ReadAction","target":["https:\/\/quickops.pt\/politica-de-cookies\/"]}]},{"@type":"BreadcrumbList","@id":"https:\/\/quickops.pt\/politica-de-cookies\/#breadcrumb","itemListElement":[{"@type":"ListItem","position":1,"name":"In\u00edcio","item":"https:\/\/quickops.pt\/"},{"@type":"ListItem","position":2,"name":"Pol\u00edtica de Cookies"}]},{"@type":"WebSite","@id":"https:\/\/quickops.pt\/#website","url":"https:\/\/quickops.pt\/","name":"QuickOps Consulting","description":"","publisher":{"@id":"https:\/\/quickops.pt\/#organization"},"potentialAction":[{"@type":"SearchAction","target":{"@type":"EntryPoint","urlTemplate":"https:\/\/quickops.pt\/?s={search_term_string}"},"query-input":"required name=search_term_string"}],"inLanguage":"en-US"},{"@type":"Organization","@id":"https:\/\/quickops.pt\/#organization","name":"QuickOps Consulting","url":"https:\/\/quickops.pt\/","logo":{"@type":"ImageObject","inLanguage":"en-US","@id":"https:\/\/quickops.pt\/#\/schema\/logo\/image\/","url":"https:\/\/quickops.pt\/wp-content\/uploads\/2023\/04\/logo.png","contentUrl":"https:\/\/quickops.pt\/wp-content\/uploads\/2023\/04\/logo.png","width":648,"height":212,"caption":"QuickOps Consulting"},"image":{"@id":"https:\/\/quickops.pt\/#\/schema\/logo\/image\/"}}]}},"_links":{"self":[{"href":"https:\/\/quickops.pt\/en\/wp-json\/wp\/v2\/pages\/8708"}],"collection":[{"href":"https:\/\/quickops.pt\/en\/wp-json\/wp\/v2\/pages"}],"about":[{"href":"https:\/\/quickops.pt\/en\/wp-json\/wp\/v2\/types\/page"}],"author":[{"embeddable":true,"href":"https:\/\/quickops.pt\/en\/wp-json\/wp\/v2\/users\/1"}],"replies":[{"embeddable":true,"href":"https:\/\/quickops.pt\/en\/wp-json\/wp\/v2\/comments?post=8708"}],"version-history":[{"count":23,"href":"https:\/\/quickops.pt\/en\/wp-json\/wp\/v2\/pages\/8708\/revisions"}],"predecessor-version":[{"id":8765,"href":"https:\/\/quickops.pt\/en\/wp-json\/wp\/v2\/pages\/8708\/revisions\/8765"}],"wp:attachment":[{"href":"https:\/\/quickops.pt\/en\/wp-json\/wp\/v2\/media?parent=8708"}],"curies":[{"name":"wp","href":"https:\/\/api.w.org\/{rel}","templated":true}]}}