{"id":3667,"date":"2023-04-24T09:23:39","date_gmt":"2023-04-24T09:23:39","guid":{"rendered":"http:\/\/quicktest.infinityfreeapp.com\/teste2023\/?page_id=3667"},"modified":"2023-07-31T16:51:59","modified_gmt":"2023-07-31T16:51:59","slug":"candidatura-espontanea","status":"publish","type":"page","link":"https:\/\/quickops.pt\/en\/candidatura-espontanea\/","title":{"rendered":"Spontaneous Application"},"content":{"rendered":"<div data-elementor-type=\"wp-page\" data-elementor-id=\"3667\" class=\"elementor elementor-3667\">\n\t\t\t\t\t\t<section class=\"elementor-section elementor-top-section elementor-element elementor-element-839a4df elementor-section-boxed elementor-section-height-default elementor-section-height-default\" data-id=\"839a4df\" data-element_type=\"section\">\n\t\t\t\t\t\t<div class=\"elementor-container elementor-column-gap-default\">\n\t\t\t\t\t<div class=\"elementor-column elementor-col-100 elementor-top-column elementor-element elementor-element-748c110\" data-id=\"748c110\" data-element_type=\"column\">\n\t\t\t<div class=\"elementor-widget-wrap elementor-element-populated\">\n\t\t\t\t\t\t<div class=\"elementor-element elementor-element-f1239be elementor-widget-mobile__width-initial elementor-widget elementor-widget-agiletech-theme-section-title-one-widget\" data-id=\"f1239be\" data-element_type=\"widget\" data-widget_type=\"agiletech-theme-section-title-one-widget.default\">\n\t\t\t\t<div class=\"elementor-widget-container\">\n\t\t\t        <div class=\"theme-section-title\"\r\n             style=\"text-align:center\">\r\n                        <h4 class=\"title\">\r\n                SPONTANEOUS <span>APPLICATION <\/span>\n            <\/h4>\r\n                                <\/div>\r\n        \t\t<\/div>\n\t\t\t\t<\/div>\n\t\t\t\t<div class=\"elementor-element elementor-element-14c95ec elementor-widget elementor-widget-spacer\" data-id=\"14c95ec\" data-element_type=\"widget\" data-widget_type=\"spacer.default\">\n\t\t\t\t<div class=\"elementor-widget-container\">\n\t\t\t<style>\/*! elementor - v3.20.0 - 11-03-2024 *\/\n.elementor-column .elementor-spacer-inner{height:var(--spacer-size)}.e-con{--container-widget-width:100%}.e-con-inner>.elementor-widget-spacer,.e-con>.elementor-widget-spacer{width:var(--container-widget-width,var(--spacer-size));--align-self:var(--container-widget-align-self,initial);--flex-shrink:0}.e-con-inner>.elementor-widget-spacer>.elementor-widget-container,.e-con>.elementor-widget-spacer>.elementor-widget-container{height:100%;width:100%}.e-con-inner>.elementor-widget-spacer>.elementor-widget-container>.elementor-spacer,.e-con>.elementor-widget-spacer>.elementor-widget-container>.elementor-spacer{height:100%}.e-con-inner>.elementor-widget-spacer>.elementor-widget-container>.elementor-spacer>.elementor-spacer-inner,.e-con>.elementor-widget-spacer>.elementor-widget-container>.elementor-spacer>.elementor-spacer-inner{height:var(--container-widget-height,var(--spacer-size))}.e-con-inner>.elementor-widget-spacer.elementor-widget-empty,.e-con>.elementor-widget-spacer.elementor-widget-empty{position:relative;min-height:22px;min-width:22px}.e-con-inner>.elementor-widget-spacer.elementor-widget-empty .elementor-widget-empty-icon,.e-con>.elementor-widget-spacer.elementor-widget-empty .elementor-widget-empty-icon{position:absolute;top:0;bottom:0;left:0;right:0;margin:auto;padding:0;width:22px;height:22px}<\/style>\t\t<div class=\"elementor-spacer\">\n\t\t\t<div class=\"elementor-spacer-inner\"><\/div>\n\t\t<\/div>\n\t\t\t\t<\/div>\n\t\t\t\t<\/div>\n\t\t\t\t<div class=\"elementor-element elementor-element-33e714a elementor-widget elementor-widget-text-editor\" data-id=\"33e714a\" data-element_type=\"widget\" data-widget_type=\"text-editor.default\">\n\t\t\t\t<div class=\"elementor-widget-container\">\n\t\t\t<style>\/*! elementor - v3.20.0 - 11-03-2024 *\/\n.elementor-widget-text-editor.elementor-drop-cap-view-stacked .elementor-drop-cap{background-color:#69727d;color:#fff}.elementor-widget-text-editor.elementor-drop-cap-view-framed .elementor-drop-cap{color:#69727d;border:3px solid;background-color:transparent}.elementor-widget-text-editor:not(.elementor-drop-cap-view-default) .elementor-drop-cap{margin-top:8px}.elementor-widget-text-editor:not(.elementor-drop-cap-view-default) .elementor-drop-cap-letter{width:1em;height:1em}.elementor-widget-text-editor .elementor-drop-cap{float:left;text-align:center;line-height:1;font-size:50px}.elementor-widget-text-editor .elementor-drop-cap-letter{display:inline-block}<\/style>\t\t\t\t<p><span class=\"ui-provider bjn bjo c d e f g h i j k l m n o p q r s t bjp bjq w x y z ab ac ae af ag ah ai aj ak\" dir=\"ltr\">Didn't find the vacancy you were looking for? Don't be discouraged! Send us your application so we can analyze it.<\/span><\/p>\t\t\t\t\t\t<\/div>\n\t\t\t\t<\/div>\n\t\t\t\t<div class=\"elementor-element elementor-element-0b2bb53 elementor-widget-mobile__width-inherit elementor-widget elementor-widget-spacer\" data-id=\"0b2bb53\" data-element_type=\"widget\" data-widget_type=\"spacer.default\">\n\t\t\t\t<div class=\"elementor-widget-container\">\n\t\t\t\t\t<div class=\"elementor-spacer\">\n\t\t\t<div class=\"elementor-spacer-inner\"><\/div>\n\t\t<\/div>\n\t\t\t\t<\/div>\n\t\t\t\t<\/div>\n\t\t\t\t\t<\/div>\n\t\t<\/div>\n\t\t\t\t\t<\/div>\n\t\t<\/section>\n\t\t\t\t<section class=\"elementor-section elementor-top-section elementor-element elementor-element-700285b0 elementor-section-content-middle elementor-section-stretched elementor-section-boxed elementor-section-height-default elementor-section-height-default\" data-id=\"700285b0\" data-element_type=\"section\" data-settings=\"{&quot;stretch_section&quot;:&quot;section-stretched&quot;}\">\n\t\t\t\t\t\t<div class=\"elementor-container elementor-column-gap-default\">\n\t\t\t\t\t<div class=\"elementor-column elementor-col-100 elementor-top-column elementor-element elementor-element-6231869\" data-id=\"6231869\" data-element_type=\"column\">\n\t\t\t<div class=\"elementor-widget-wrap elementor-element-populated\">\n\t\t\t\t\t\t<div class=\"elementor-element elementor-element-43212bd elementor-widget elementor-widget-shortcode\" data-id=\"43212bd\" data-element_type=\"widget\" data-widget_type=\"shortcode.default\">\n\t\t\t\t<div class=\"elementor-widget-container\">\n\t\t\t\t\t<div class=\"elementor-shortcode\">\n<div class=\"awsm-job-form-inner\">\n\n\t\n\t<h2>\n\t\tApply now\t<\/h2>\n\n\t\n\t<form id=\"awsm-application-form-5108\" class=\"awsm-application-form\" name=\"applicationform\" method=\"post\" enctype=\"multipart\/form-data\" action=\"\">\n\n\t\t<div class=\"awsm-job-form-group awsm-job-form-text-group\"><label for=\"awsm-applicant-name-5108\">Full Name <span class=\"awsm-job-form-error\">*<\/span><\/label><input type=\"text\" placeholder=\"\" name=\"awsm_applicant_name\" class=\"awsm-job-form-field awsm-job-form-control\" id=\"awsm-applicant-name-5108\" required data-msg-required=\"Este campo \u00e9 obrigat\u00f3rio.\" \/><\/div><div class=\"awsm-job-form-group awsm-job-form-email-group\"><label for=\"awsm-applicant-email-5108\">Email <span class=\"awsm-job-form-error\">*<\/span><\/label><input type=\"email\" placeholder=\"\" name=\"awsm_applicant_email\" class=\"awsm-job-form-field awsm-job-form-control\" id=\"awsm-applicant-email-5108\" required data-msg-required=\"Este campo \u00e9 obrigat\u00f3rio.\" data-rule-email=\"true\" data-msg-email=\"Introduza um endere\u00e7o de e-mail v\u00e1lido.\" \/><\/div><div class=\"awsm-job-form-group awsm-job-form-tel-group\"><label for=\"awsm-applicant-phone-5108\">Contact <span class=\"awsm-job-form-error\">*<\/span><\/label><input type=\"tel\" placeholder=\"\" name=\"awsm_applicant_phone\" class=\"awsm-job-form-field awsm-job-form-control\" id=\"awsm-applicant-phone-5108\" required data-msg-required=\"Este campo \u00e9 obrigat\u00f3rio.\" \/><\/div><div class=\"awsm-job-form-group awsm-job-form-textarea-group\"><label for=\"awsm-cover-letter-5108\">Message <span class=\"awsm-job-form-error\">*<\/span><\/label><textarea placeholder=\"\" name=\"awsm_applicant_letter\" class=\"awsm-job-form-field awsm-job-form-control\" id=\"awsm-cover-letter-5108\" required data-msg-required=\"Este campo \u00e9 obrigat\u00f3rio.\" rows=\"5\" cols=\"50\"><\/textarea><\/div><div class=\"awsm-job-form-group awsm-job-form-text-group\"><label for=\"awsm_text_1-5108\">LinkedIn profile<\/label><input type=\"text\" placeholder=\"\" name=\"awsm_text_1\" class=\"awsm-job-form-field awsm-job-form-control\" id=\"awsm_text_1-5108\" \/><\/div><div class=\"awsm-job-form-group awsm-job-form-file-group\"><label for=\"awsm_file\">CV\/Summary <span class=\"awsm-job-form-error\">*<\/span><\/label><input type=\"hidden\" name=\"awsm_file\" \/><div class=\"awsm-form-drag-and-drop-file-control\" data-required=\"1\" data-accept=\".pdf, .doc, .docx\" data-max-files=\"1\" data-file-size=\"10485760\"><div class=\"dz-message\"><span class=\"awsm-form-drag-and-drop-file-title\">Drop your files or upload<\/span><span class=\"awsm-form-drag-and-drop-file-description\">O tamanho m\u00e1ximo de ficheiro permitido \u00e9 10 MB.<\/span><\/div><\/div><small>Type(s) allowed: .pdf, .doc, .docx<\/small><\/div><div class=\"awsm-job-form-group awsm-job-inline-group\"><input name=\"awsm_form_privacy_policy\" class=\"awsm-job-form-field\" id=\"awsm_form_privacy_policy-5108\" value=\"yes\" type=\"checkbox\" data-msg-required=\"Este campo \u00e9 obrigat\u00f3rio.\" aria-required=\"true\" required><label for=\"awsm_form_privacy_policy-5108\">By using this form, you agree to the processing of your data by QuickOps Consulting. <span class=\"awsm-job-form-error\">*<\/span><\/label><\/div>\t\t\t\t<div class=\"awsm-job-form-group awsm-job-g-recaptcha-group\">\n\t\t\t\t\t<div class=\"g-recaptcha\" data-sitekey=\"6Ldj1HEnAAAAANqzCXLBBLd8scAgBJ3hZz0Lwj14\"><\/div>\n\t\t\t\t\t<noscript>\n\t\t\t\t\t\t<div style=\"width: 302px; height: 422px; position: relative;\">\n\t\t\t\t\t\t\t<div style=\"width: 302px; height: 422px; position: absolute;\">\n\t\t\t\t\t\t\t\t<iframe src=\"https:\/\/www.google.com\/recaptcha\/api\/fallback?k=6Ldj1HEnAAAAANqzCXLBBLd8scAgBJ3hZz0Lwj14\" frameborder=\"0\" scrolling=\"no\" style=\"width: 302px; height:422px; border-style: none;\"><\/iframe>\n\t\t\t\t\t\t\t<\/div>\n\t\t\t\t\t\t\t<div style=\"width: 300px; height: 60px; border-style: none; bottom: 12px; left: 25px; margin: 0px; padding: 0px; right: 25px; background: #f9f9f9; border: 1px solid #c1c1c1; border-radius: 3px;\">\n\t\t\t\t\t\t\t\t<textarea id=\"g-recaptcha-response\" name=\"g-recaptcha-response\" class=\"g-recaptcha-response\" style=\"width: 250px; height: 40px; border: 1px solid #c1c1c1; margin: 10px 25px; padding: 0px; resize: none;\" ><\/textarea>\n\t\t\t\t\t\t\t<\/div>\n\t\t\t\t\t\t<\/div>\n\t\t\t\t\t<\/noscript>\n\t\t\t\t<\/div>\n\t\t\t\t\n\t\t<input type=\"hidden\" name=\"awsm_job_id\" value=\"5108\">\n\t\t<input type=\"hidden\" name=\"action\" value=\"awsm_applicant_form_submission\">\n\t\t<div class=\"awsm-job-form-group\">\n\t\t\t\t\t<input type=\"submit\" name=\"form_sub\" id=\"awsm-application-submit-btn-5108\" class=\"awsm-application-submit-btn\" value=\"Submit\" data-response-text=\"Enviar...\" \/>\n\t\t\t\t<\/div>\n\n\t<input type=\"hidden\" name=\"trp-form-language\" value=\"en\"\/><\/form>\n\n\t<div class=\"awsm-application-message\" style=\"display: none;\"><\/div>\n\n\t\n<\/div><!-- .awsm-job-form-inner -->\n<\/div>\n\t\t\t\t<\/div>\n\t\t\t\t<\/div>\n\t\t\t\t\t<\/div>\n\t\t<\/div>\n\t\t\t\t\t<\/div>\n\t\t<\/section>\n\t\t\t\t<\/div>","protected":false},"excerpt":{"rendered":"<p>CANDIDATURA ESPONT\u00c2NEA! N\u00e3o encontraste a vaga que procuravas? N\u00e3o desanimes! Envia-nos a tua candidatura para a podermos analisar.<\/p>","protected":false},"author":1,"featured_media":0,"parent":0,"menu_order":0,"comment_status":"closed","ping_status":"closed","template":"","meta":{"inline_featured_image":false},"yoast_head":"<!-- This site is optimized with the Yoast SEO plugin v21.7 - https:\/\/yoast.com\/wordpress\/plugins\/seo\/ -->\n<title>Candidatura Espont\u00e2nea - QuickOps Consulting<\/title>\n<meta name=\"robots\" content=\"index, follow, max-snippet:-1, max-image-preview:large, max-video-preview:-1\" \/>\n<link rel=\"canonical\" href=\"https:\/\/quickops.pt\/en\/candidatura-espontanea\/\" \/>\n<meta property=\"og:locale\" content=\"en_US\" \/>\n<meta property=\"og:type\" content=\"article\" \/>\n<meta property=\"og:title\" content=\"Candidatura Espont\u00e2nea - QuickOps Consulting\" \/>\n<meta property=\"og:description\" content=\"CANDIDATURA ESPONT\u00c2NEA! N\u00e3o encontraste a vaga que procuravas? N\u00e3o desanimes! Envia-nos a tua candidatura para a podermos analisar.\" \/>\n<meta property=\"og:url\" content=\"https:\/\/quickops.pt\/en\/candidatura-espontanea\/\" \/>\n<meta property=\"og:site_name\" content=\"QuickOps Consulting\" \/>\n<meta property=\"article:modified_time\" content=\"2023-07-31T16:51:59+00:00\" \/>\n<script type=\"application\/ld+json\" class=\"yoast-schema-graph\">{\"@context\":\"https:\/\/schema.org\",\"@graph\":[{\"@type\":\"WebPage\",\"@id\":\"https:\/\/quickops.pt\/candidatura-espontanea\/\",\"url\":\"https:\/\/quickops.pt\/candidatura-espontanea\/\",\"name\":\"Candidatura Espont\u00e2nea - QuickOps Consulting\",\"isPartOf\":{\"@id\":\"https:\/\/quickops.pt\/#website\"},\"datePublished\":\"2023-04-24T09:23:39+00:00\",\"dateModified\":\"2023-07-31T16:51:59+00:00\",\"breadcrumb\":{\"@id\":\"https:\/\/quickops.pt\/candidatura-espontanea\/#breadcrumb\"},\"inLanguage\":\"en-US\",\"potentialAction\":[{\"@type\":\"ReadAction\",\"target\":[\"https:\/\/quickops.pt\/candidatura-espontanea\/\"]}]},{\"@type\":\"BreadcrumbList\",\"@id\":\"https:\/\/quickops.pt\/candidatura-espontanea\/#breadcrumb\",\"itemListElement\":[{\"@type\":\"ListItem\",\"position\":1,\"name\":\"In\u00edcio\",\"item\":\"https:\/\/quickops.pt\/\"},{\"@type\":\"ListItem\",\"position\":2,\"name\":\"Candidatura Espont\u00e2nea\"}]},{\"@type\":\"WebSite\",\"@id\":\"https:\/\/quickops.pt\/#website\",\"url\":\"https:\/\/quickops.pt\/\",\"name\":\"QuickOps Consulting\",\"description\":\"\",\"publisher\":{\"@id\":\"https:\/\/quickops.pt\/#organization\"},\"potentialAction\":[{\"@type\":\"SearchAction\",\"target\":{\"@type\":\"EntryPoint\",\"urlTemplate\":\"https:\/\/quickops.pt\/?s={search_term_string}\"},\"query-input\":\"required name=search_term_string\"}],\"inLanguage\":\"en-US\"},{\"@type\":\"Organization\",\"@id\":\"https:\/\/quickops.pt\/#organization\",\"name\":\"QuickOps Consulting\",\"url\":\"https:\/\/quickops.pt\/\",\"logo\":{\"@type\":\"ImageObject\",\"inLanguage\":\"en-US\",\"@id\":\"https:\/\/quickops.pt\/#\/schema\/logo\/image\/\",\"url\":\"https:\/\/quickops.pt\/wp-content\/uploads\/2023\/04\/logo.png\",\"contentUrl\":\"https:\/\/quickops.pt\/wp-content\/uploads\/2023\/04\/logo.png\",\"width\":648,\"height\":212,\"caption\":\"QuickOps Consulting\"},\"image\":{\"@id\":\"https:\/\/quickops.pt\/#\/schema\/logo\/image\/\"}}]}<\/script>\n<!-- \/ Yoast SEO plugin. -->","yoast_head_json":{"title":"Candidatura Espont\u00e2nea - QuickOps Consulting","robots":{"index":"index","follow":"follow","max-snippet":"max-snippet:-1","max-image-preview":"max-image-preview:large","max-video-preview":"max-video-preview:-1"},"canonical":"https:\/\/quickops.pt\/en\/candidatura-espontanea\/","og_locale":"en_US","og_type":"article","og_title":"Candidatura Espont\u00e2nea - QuickOps Consulting","og_description":"CANDIDATURA ESPONT\u00c2NEA! N\u00e3o encontraste a vaga que procuravas? N\u00e3o desanimes! Envia-nos a tua candidatura para a podermos analisar.","og_url":"https:\/\/quickops.pt\/en\/candidatura-espontanea\/","og_site_name":"QuickOps Consulting","article_modified_time":"2023-07-31T16:51:59+00:00","schema":{"@context":"https:\/\/schema.org","@graph":[{"@type":"WebPage","@id":"https:\/\/quickops.pt\/candidatura-espontanea\/","url":"https:\/\/quickops.pt\/candidatura-espontanea\/","name":"Candidatura Espont\u00e2nea - QuickOps Consulting","isPartOf":{"@id":"https:\/\/quickops.pt\/#website"},"datePublished":"2023-04-24T09:23:39+00:00","dateModified":"2023-07-31T16:51:59+00:00","breadcrumb":{"@id":"https:\/\/quickops.pt\/candidatura-espontanea\/#breadcrumb"},"inLanguage":"en-US","potentialAction":[{"@type":"ReadAction","target":["https:\/\/quickops.pt\/candidatura-espontanea\/"]}]},{"@type":"BreadcrumbList","@id":"https:\/\/quickops.pt\/candidatura-espontanea\/#breadcrumb","itemListElement":[{"@type":"ListItem","position":1,"name":"In\u00edcio","item":"https:\/\/quickops.pt\/"},{"@type":"ListItem","position":2,"name":"Candidatura Espont\u00e2nea"}]},{"@type":"WebSite","@id":"https:\/\/quickops.pt\/#website","url":"https:\/\/quickops.pt\/","name":"QuickOps Consulting","description":"","publisher":{"@id":"https:\/\/quickops.pt\/#organization"},"potentialAction":[{"@type":"SearchAction","target":{"@type":"EntryPoint","urlTemplate":"https:\/\/quickops.pt\/?s={search_term_string}"},"query-input":"required name=search_term_string"}],"inLanguage":"en-US"},{"@type":"Organization","@id":"https:\/\/quickops.pt\/#organization","name":"QuickOps Consulting","url":"https:\/\/quickops.pt\/","logo":{"@type":"ImageObject","inLanguage":"en-US","@id":"https:\/\/quickops.pt\/#\/schema\/logo\/image\/","url":"https:\/\/quickops.pt\/wp-content\/uploads\/2023\/04\/logo.png","contentUrl":"https:\/\/quickops.pt\/wp-content\/uploads\/2023\/04\/logo.png","width":648,"height":212,"caption":"QuickOps Consulting"},"image":{"@id":"https:\/\/quickops.pt\/#\/schema\/logo\/image\/"}}]}},"_links":{"self":[{"href":"https:\/\/quickops.pt\/en\/wp-json\/wp\/v2\/pages\/3667"}],"collection":[{"href":"https:\/\/quickops.pt\/en\/wp-json\/wp\/v2\/pages"}],"about":[{"href":"https:\/\/quickops.pt\/en\/wp-json\/wp\/v2\/types\/page"}],"author":[{"embeddable":true,"href":"https:\/\/quickops.pt\/en\/wp-json\/wp\/v2\/users\/1"}],"replies":[{"embeddable":true,"href":"https:\/\/quickops.pt\/en\/wp-json\/wp\/v2\/comments?post=3667"}],"version-history":[{"count":42,"href":"https:\/\/quickops.pt\/en\/wp-json\/wp\/v2\/pages\/3667\/revisions"}],"predecessor-version":[{"id":7008,"href":"https:\/\/quickops.pt\/en\/wp-json\/wp\/v2\/pages\/3667\/revisions\/7008"}],"wp:attachment":[{"href":"https:\/\/quickops.pt\/en\/wp-json\/wp\/v2\/media?parent=3667"}],"curies":[{"name":"wp","href":"https:\/\/api.w.org\/{rel}","templated":true}]}}