{"id":2716,"date":"2023-03-19T13:42:15","date_gmt":"2023-03-19T13:42:15","guid":{"rendered":"https:\/\/agiletechwp.wowtheme7.com\/?page_id=2716"},"modified":"2026-05-13T16:58:08","modified_gmt":"2026-05-13T16:58:08","slug":"ebooks","status":"publish","type":"page","link":"https:\/\/quickops.pt\/en\/ebooks\/","title":{"rendered":"Ebooks"},"content":{"rendered":"<div data-elementor-type=\"wp-page\" data-elementor-id=\"2716\" class=\"elementor elementor-2716\">\n\t\t\t\t\t\t<section class=\"elementor-section elementor-top-section elementor-element elementor-element-4369b8d elementor-section-full_width elementor-section-height-default elementor-section-height-default\" data-id=\"4369b8d\" data-element_type=\"section\">\n\t\t\t\t\t\t<div class=\"elementor-container elementor-column-gap-narrow\">\n\t\t\t\t\t<div class=\"elementor-column elementor-col-100 elementor-top-column elementor-element elementor-element-4c2fa9e\" data-id=\"4c2fa9e\" data-element_type=\"column\">\n\t\t\t<div class=\"elementor-widget-wrap elementor-element-populated\">\n\t\t\t\t\t\t<div class=\"elementor-element elementor-element-c42e48e elementor-widget elementor-widget-agiletech-theme-section-title-one-widget\" data-id=\"c42e48e\" data-element_type=\"widget\" data-widget_type=\"agiletech-theme-section-title-one-widget.default\">\n\t\t\t\t<div class=\"elementor-widget-container\">\n\t\t\t        <div class=\"theme-section-title\"\r\n             style=\"text-align:center\">\r\n                            <h6 class=\"subtitle\">\r\n                    SABE MAIS SOBRE N\u00d3S                <\/h6>\r\n                        <h4 class=\"title\">\r\n                Queres receber os nossos <span>Ebooks<\/span>?            <\/h4>\r\n                                <\/div>\r\n        \t\t<\/div>\n\t\t\t\t<\/div>\n\t\t\t\t<section class=\"elementor-section elementor-inner-section elementor-element elementor-element-f661cd5 elementor-section-boxed elementor-section-height-default elementor-section-height-default\" data-id=\"f661cd5\" data-element_type=\"section\">\n\t\t\t\t\t\t<div class=\"elementor-container elementor-column-gap-narrow\">\n\t\t\t\t\t<div class=\"elementor-column elementor-col-33 elementor-inner-column elementor-element elementor-element-ca32ddf\" data-id=\"ca32ddf\" data-element_type=\"column\">\n\t\t\t<div class=\"elementor-widget-wrap elementor-element-populated\">\n\t\t\t\t\t\t<div class=\"elementor-element elementor-element-0a15966 elementor-widget elementor-widget-agiletech-workprocess-one-widget\" data-id=\"0a15966\" data-element_type=\"widget\" data-widget_type=\"agiletech-workprocess-one-widget.default\">\n\t\t\t\t<div class=\"elementor-widget-container\">\n\t\t\t\r\n        <div class=\"single-work-process-inner\">\r\n            <div class=\"thumb mb-3\">\r\n                <i aria-hidden=\"true\" class=\"fas fa-mail-bulk\"><\/i>            <\/div>\r\n            <div class=\"details\">\r\n                <p class=\"process-count\">Ebook <\/p>\r\n                <h5 class=\"mb-3\">Do curr\u00edculo \u00e0 primeira coloca\u00e7\u00e3o: como funciona entrar na QuickOps?<\/h5>\r\n                <p class=\"content\">H\u00e1 uma coisa que muitos profissionais IT n\u00e3o sabem: n\u00e3o tens de te candidatar para entrares no radar de\numa consultora IT. \nEnt\u00e3o como funciona isto na pr\u00e1tica? E o que podes fazer para aumentar as tuas hip\u00f3teses de ser\nencontrado?<\/p>\r\n                            <\/div>\r\n        <\/div>\r\n\r\n        \t\t<\/div>\n\t\t\t\t<\/div>\n\t\t\t\t\t<\/div>\n\t\t<\/div>\n\t\t\t\t<div class=\"elementor-column elementor-col-33 elementor-inner-column elementor-element elementor-element-24a9614\" data-id=\"24a9614\" data-element_type=\"column\">\n\t\t\t<div class=\"elementor-widget-wrap elementor-element-populated\">\n\t\t\t\t\t\t<div class=\"elementor-element elementor-element-be4388f elementor-widget elementor-widget-agiletech-workprocess-one-widget\" data-id=\"be4388f\" data-element_type=\"widget\" data-widget_type=\"agiletech-workprocess-one-widget.default\">\n\t\t\t\t<div class=\"elementor-widget-container\">\n\t\t\t\r\n        <div class=\"single-work-process-inner\">\r\n            <div class=\"thumb mb-3\">\r\n                <i aria-hidden=\"true\" class=\"fas fa-mail-bulk\"><\/i>            <\/div>\r\n            <div class=\"details\">\r\n                <p class=\"process-count\">Ebook<\/p>\r\n                <h5 class=\"mb-3\">Perguntas reais de candidatos respondidas pelo Business Director da QuickOps<\/h5>\r\n                <p class=\"content\">Quanto tempo demora at\u00e9 ter uma resposta, depois da entrevista? Como funciona o processo de entrevistas da QuickOps? Os projetos da QuickOps s\u00e3o remotos, h\u00edbridos ou presenciais? Os hor\u00e1rios s\u00e3o flex\u00edveis?\nConhece as respostas a estas e outras quest\u00f5es.<\/p>\r\n                            <\/div>\r\n        <\/div>\r\n\r\n        \t\t<\/div>\n\t\t\t\t<\/div>\n\t\t\t\t\t<\/div>\n\t\t<\/div>\n\t\t\t\t<div class=\"elementor-column elementor-col-33 elementor-inner-column elementor-element elementor-element-d4fd5c4\" data-id=\"d4fd5c4\" data-element_type=\"column\">\n\t\t\t<div class=\"elementor-widget-wrap elementor-element-populated\">\n\t\t\t\t\t\t<div class=\"elementor-element elementor-element-1fc066d elementor-widget elementor-widget-agiletech-workprocess-one-widget\" data-id=\"1fc066d\" data-element_type=\"widget\" data-widget_type=\"agiletech-workprocess-one-widget.default\">\n\t\t\t\t<div class=\"elementor-widget-container\">\n\t\t\t\r\n        <div class=\"single-work-process-inner\">\r\n            <div class=\"thumb mb-3\">\r\n                <i aria-hidden=\"true\" class=\"fas fa-mail-bulk\"><\/i>            <\/div>\r\n            <div class=\"details\">\r\n                <p class=\"process-count\">Ebook<\/p>\r\n                <h5 class=\"mb-3\">Como escalar equipas tecnol\u00f3gicas rapidamente<\/h5>\r\n                <p class=\"content\">Normalmente, esta necessidade surge quando h\u00e1 press\u00e3o para entregar mais r\u00e1pido do que a equipa atual consegue.\nPode ser o arranque de um projeto novo, uma fase de crescimento, ou um atraso acumulado que come\u00e7a a ter consequ\u00eancias reais no neg\u00f3cio. E encontrar talento tecnol\u00f3gico qualificado continua a ser dif\u00edcil. <\/p>\r\n                            <\/div>\r\n        <\/div>\r\n\r\n        \t\t<\/div>\n\t\t\t\t<\/div>\n\t\t\t\t\t<\/div>\n\t\t<\/div>\n\t\t\t\t\t<\/div>\n\t\t<\/section>\n\t\t\t\t\t<\/div>\n\t\t<\/div>\n\t\t\t\t\t<\/div>\n\t\t<\/section>\n\t\t\t\t<\/div>","protected":false},"excerpt":{"rendered":"<p>SABE MAIS SOBRE N\u00d3S Queres receber os nossos Ebooks? Ebook Do curr\u00edculo \u00e0 primeira coloca\u00e7\u00e3o: como funciona entrar na QuickOps? H\u00e1 uma coisa que muitos profissionais IT n\u00e3o sabem: n\u00e3o tens de te candidatar para entrares no radar de uma consultora IT. Ent\u00e3o como funciona isto na pr\u00e1tica? E o que podes fazer para aumentar<\/p>","protected":false},"author":1,"featured_media":0,"parent":0,"menu_order":0,"comment_status":"closed","ping_status":"closed","template":"","meta":{"inline_featured_image":false},"yoast_head":"<!-- This site is optimized with the Yoast SEO plugin v21.7 - https:\/\/yoast.com\/wordpress\/plugins\/seo\/ -->\n<title>Ebooks - QuickOps Consulting<\/title>\n<meta name=\"robots\" content=\"index, follow, max-snippet:-1, max-image-preview:large, max-video-preview:-1\" \/>\n<link rel=\"canonical\" href=\"https:\/\/quickops.pt\/en\/ebooks\/\" \/>\n<meta property=\"og:locale\" content=\"en_US\" \/>\n<meta property=\"og:type\" content=\"article\" \/>\n<meta property=\"og:title\" content=\"Ebooks - QuickOps Consulting\" \/>\n<meta property=\"og:description\" content=\"SABE MAIS SOBRE N\u00d3S Queres receber os nossos Ebooks? Ebook Do curr\u00edculo \u00e0 primeira coloca\u00e7\u00e3o: como funciona entrar na QuickOps? H\u00e1 uma coisa que muitos profissionais IT n\u00e3o sabem: n\u00e3o tens de te candidatar para entrares no radar de uma consultora IT. Ent\u00e3o como funciona isto na pr\u00e1tica? E o que podes fazer para aumentar\" \/>\n<meta property=\"og:url\" content=\"https:\/\/quickops.pt\/en\/ebooks\/\" \/>\n<meta property=\"og:site_name\" content=\"QuickOps Consulting\" \/>\n<meta property=\"article:modified_time\" content=\"2026-05-13T16:58:08+00:00\" \/>\n<script type=\"application\/ld+json\" class=\"yoast-schema-graph\">{\"@context\":\"https:\/\/schema.org\",\"@graph\":[{\"@type\":\"WebPage\",\"@id\":\"https:\/\/quickops.pt\/ebooks\/\",\"url\":\"https:\/\/quickops.pt\/ebooks\/\",\"name\":\"Ebooks - QuickOps Consulting\",\"isPartOf\":{\"@id\":\"https:\/\/quickops.pt\/#website\"},\"datePublished\":\"2023-03-19T13:42:15+00:00\",\"dateModified\":\"2026-05-13T16:58:08+00:00\",\"breadcrumb\":{\"@id\":\"https:\/\/quickops.pt\/ebooks\/#breadcrumb\"},\"inLanguage\":\"en-US\",\"potentialAction\":[{\"@type\":\"ReadAction\",\"target\":[\"https:\/\/quickops.pt\/ebooks\/\"]}]},{\"@type\":\"BreadcrumbList\",\"@id\":\"https:\/\/quickops.pt\/ebooks\/#breadcrumb\",\"itemListElement\":[{\"@type\":\"ListItem\",\"position\":1,\"name\":\"In\u00edcio\",\"item\":\"https:\/\/quickops.pt\/\"},{\"@type\":\"ListItem\",\"position\":2,\"name\":\"Ebooks\"}]},{\"@type\":\"WebSite\",\"@id\":\"https:\/\/quickops.pt\/#website\",\"url\":\"https:\/\/quickops.pt\/\",\"name\":\"QuickOps Consulting\",\"description\":\"\",\"publisher\":{\"@id\":\"https:\/\/quickops.pt\/#organization\"},\"potentialAction\":[{\"@type\":\"SearchAction\",\"target\":{\"@type\":\"EntryPoint\",\"urlTemplate\":\"https:\/\/quickops.pt\/?s={search_term_string}\"},\"query-input\":\"required name=search_term_string\"}],\"inLanguage\":\"en-US\"},{\"@type\":\"Organization\",\"@id\":\"https:\/\/quickops.pt\/#organization\",\"name\":\"QuickOps Consulting\",\"url\":\"https:\/\/quickops.pt\/\",\"logo\":{\"@type\":\"ImageObject\",\"inLanguage\":\"en-US\",\"@id\":\"https:\/\/quickops.pt\/#\/schema\/logo\/image\/\",\"url\":\"https:\/\/quickops.pt\/wp-content\/uploads\/2023\/04\/logo.png\",\"contentUrl\":\"https:\/\/quickops.pt\/wp-content\/uploads\/2023\/04\/logo.png\",\"width\":648,\"height\":212,\"caption\":\"QuickOps Consulting\"},\"image\":{\"@id\":\"https:\/\/quickops.pt\/#\/schema\/logo\/image\/\"}}]}<\/script>\n<!-- \/ Yoast SEO plugin. -->","yoast_head_json":{"title":"Ebooks - QuickOps Consulting","robots":{"index":"index","follow":"follow","max-snippet":"max-snippet:-1","max-image-preview":"max-image-preview:large","max-video-preview":"max-video-preview:-1"},"canonical":"https:\/\/quickops.pt\/en\/ebooks\/","og_locale":"en_US","og_type":"article","og_title":"Ebooks - QuickOps Consulting","og_description":"SABE MAIS SOBRE N\u00d3S Queres receber os nossos Ebooks? Ebook Do curr\u00edculo \u00e0 primeira coloca\u00e7\u00e3o: como funciona entrar na QuickOps? H\u00e1 uma coisa que muitos profissionais IT n\u00e3o sabem: n\u00e3o tens de te candidatar para entrares no radar de uma consultora IT. Ent\u00e3o como funciona isto na pr\u00e1tica? E o que podes fazer para aumentar","og_url":"https:\/\/quickops.pt\/en\/ebooks\/","og_site_name":"QuickOps Consulting","article_modified_time":"2026-05-13T16:58:08+00:00","schema":{"@context":"https:\/\/schema.org","@graph":[{"@type":"WebPage","@id":"https:\/\/quickops.pt\/ebooks\/","url":"https:\/\/quickops.pt\/ebooks\/","name":"Ebooks - QuickOps Consulting","isPartOf":{"@id":"https:\/\/quickops.pt\/#website"},"datePublished":"2023-03-19T13:42:15+00:00","dateModified":"2026-05-13T16:58:08+00:00","breadcrumb":{"@id":"https:\/\/quickops.pt\/ebooks\/#breadcrumb"},"inLanguage":"en-US","potentialAction":[{"@type":"ReadAction","target":["https:\/\/quickops.pt\/ebooks\/"]}]},{"@type":"BreadcrumbList","@id":"https:\/\/quickops.pt\/ebooks\/#breadcrumb","itemListElement":[{"@type":"ListItem","position":1,"name":"In\u00edcio","item":"https:\/\/quickops.pt\/"},{"@type":"ListItem","position":2,"name":"Ebooks"}]},{"@type":"WebSite","@id":"https:\/\/quickops.pt\/#website","url":"https:\/\/quickops.pt\/","name":"QuickOps Consulting","description":"","publisher":{"@id":"https:\/\/quickops.pt\/#organization"},"potentialAction":[{"@type":"SearchAction","target":{"@type":"EntryPoint","urlTemplate":"https:\/\/quickops.pt\/?s={search_term_string}"},"query-input":"required name=search_term_string"}],"inLanguage":"en-US"},{"@type":"Organization","@id":"https:\/\/quickops.pt\/#organization","name":"QuickOps Consulting","url":"https:\/\/quickops.pt\/","logo":{"@type":"ImageObject","inLanguage":"en-US","@id":"https:\/\/quickops.pt\/#\/schema\/logo\/image\/","url":"https:\/\/quickops.pt\/wp-content\/uploads\/2023\/04\/logo.png","contentUrl":"https:\/\/quickops.pt\/wp-content\/uploads\/2023\/04\/logo.png","width":648,"height":212,"caption":"QuickOps Consulting"},"image":{"@id":"https:\/\/quickops.pt\/#\/schema\/logo\/image\/"}}]}},"_links":{"self":[{"href":"https:\/\/quickops.pt\/en\/wp-json\/wp\/v2\/pages\/2716"}],"collection":[{"href":"https:\/\/quickops.pt\/en\/wp-json\/wp\/v2\/pages"}],"about":[{"href":"https:\/\/quickops.pt\/en\/wp-json\/wp\/v2\/types\/page"}],"author":[{"embeddable":true,"href":"https:\/\/quickops.pt\/en\/wp-json\/wp\/v2\/users\/1"}],"replies":[{"embeddable":true,"href":"https:\/\/quickops.pt\/en\/wp-json\/wp\/v2\/comments?post=2716"}],"version-history":[{"count":82,"href":"https:\/\/quickops.pt\/en\/wp-json\/wp\/v2\/pages\/2716\/revisions"}],"predecessor-version":[{"id":11028,"href":"https:\/\/quickops.pt\/en\/wp-json\/wp\/v2\/pages\/2716\/revisions\/11028"}],"wp:attachment":[{"href":"https:\/\/quickops.pt\/en\/wp-json\/wp\/v2\/media?parent=2716"}],"curies":[{"name":"wp","href":"https:\/\/api.w.org\/{rel}","templated":true}]}}